{"id":9,"date":"2025-04-13T15:55:14","date_gmt":"2025-04-13T13:55:14","guid":{"rendered":"https:\/\/www.masware.ch\/?page_id=9"},"modified":"2025-09-07T16:54:04","modified_gmt":"2025-09-07T14:54:04","slug":"masware-ch","status":"publish","type":"page","link":"https:\/\/www.masware.ch\/","title":{"rendered":"MASWARE"},"content":{"rendered":"\n<div class=\"wp-block-cover alignwide\" style=\"margin-top:0;margin-bottom:0;min-height:680px;aspect-ratio:unset;\"><img decoding=\"async\" class=\"wp-block-cover__image-background wp-image-427\" alt=\"\" src=\"https:\/\/www.masware.ch\/wp-content\/themes\/digitalgrove\/assets\/images\/banner.jpg\" style=\"object-position:20% 20%\" data-object-fit=\"cover\" data-object-position=\"20% 20%\"\/><span aria-hidden=\"true\" class=\"wp-block-cover__background has-background-dim-30 has-background-dim\" style=\"background-color:#243c62\"><\/span><div class=\"wp-block-cover__inner-container has-global-padding is-layout-constrained wp-block-cover-is-layout-constrained\">\n<div class=\"wp-block-group has-global-padding is-content-justification-left is-layout-constrained wp-container-core-group-is-layout-7bbabeca wp-block-group-is-layout-constrained\" style=\"padding-top:0;padding-bottom:0\">\n<h1 class=\"wp-block-heading has-text-align-left\" style=\"font-size:64px;font-style:normal;font-weight:700;letter-spacing:1.5px;text-transform:capitalize\">IT-Consulting &amp; Software Development<\/h1>\n\n\n\n<p class=\"has-white-color has-text-color has-link-color wp-elements-b47656ab0d3067af60dc4162f9782409\" style=\"padding-top:var(--wp--preset--spacing--20);padding-bottom:var(--wp--preset--spacing--20)\">Sie suchen mobile L\u00f6sung oder Unterst\u00fctzung bei ihren IT-Projekten? Ich unterst\u00fctze Sie durch \u00fcber 20 Jahre Erfahrung in:<\/p>\n\n\n\n<ul class=\"wp-block-list\">\n<li>IT-Management<\/li>\n\n\n\n<li><a href=\"https:\/\/www.masware.ch\/?page_id=90\" data-type=\"page\" data-id=\"90\">Projektleitung<\/a><\/li>\n\n\n\n<li>Programmierung<\/li>\n\n\n\n<li><a href=\"https:\/\/www.masware.ch\/?page_id=74\" data-type=\"page\" data-id=\"74\">Schnittstellen<\/a>&nbsp;<\/li>\n\n\n\n<li><a href=\"https:\/\/www.masware.ch\/?page_id=29\" data-type=\"page\" data-id=\"29\">KI-Unterst\u00fctze Dokumentation ihrer MITH Connect Channels<\/a><\/li>\n\n\n\n<li><a href=\"https:\/\/www.masware.ch\/?page_id=119\" data-type=\"page\" data-id=\"119\">Kurse<\/a><\/li>\n<\/ul>\n\n\n\n<div class=\"wp-block-buttons is-content-justification-left is-layout-flex wp-container-core-buttons-is-layout-bba2938d wp-block-buttons-is-layout-flex\" style=\"padding-top:var(--wp--preset--spacing--30)\">\n<div class=\"wp-block-button\"><a class=\"wp-block-button__link has-white-color has-secondary-background-color has-text-color has-background has-link-color has-text-align-left wp-element-button\" href=\"info@masware.ch\">KONTAKT<\/a><\/div>\n<\/div>\n<\/div>\n<\/div><\/div>\n\n\n\n<p><\/p>\n","protected":false},"excerpt":{"rendered":"","protected":false},"author":1,"featured_media":0,"parent":0,"menu_order":0,"comment_status":"closed","ping_status":"closed","template":"","meta":{"footnotes":""},"class_list":["post-9","page","type-page","status-publish","hentry"],"jetpack_sharing_enabled":true,"_links":{"self":[{"href":"https:\/\/www.masware.ch\/index.php?rest_route=\/wp\/v2\/pages\/9","targetHints":{"allow":["GET"]}}],"collection":[{"href":"https:\/\/www.masware.ch\/index.php?rest_route=\/wp\/v2\/pages"}],"about":[{"href":"https:\/\/www.masware.ch\/index.php?rest_route=\/wp\/v2\/types\/page"}],"author":[{"embeddable":true,"href":"https:\/\/www.masware.ch\/index.php?rest_route=\/wp\/v2\/users\/1"}],"replies":[{"embeddable":true,"href":"https:\/\/www.masware.ch\/index.php?rest_route=%2Fwp%2Fv2%2Fcomments&post=9"}],"version-history":[{"count":12,"href":"https:\/\/www.masware.ch\/index.php?rest_route=\/wp\/v2\/pages\/9\/revisions"}],"predecessor-version":[{"id":131,"href":"https:\/\/www.masware.ch\/index.php?rest_route=\/wp\/v2\/pages\/9\/revisions\/131"}],"wp:attachment":[{"href":"https:\/\/www.masware.ch\/index.php?rest_route=%2Fwp%2Fv2%2Fmedia&parent=9"}],"curies":[{"name":"wp","href":"https:\/\/api.w.org\/{rel}","templated":true}]}}