{"id":29,"date":"2025-08-24T12:03:36","date_gmt":"2025-08-24T10:03:36","guid":{"rendered":"https:\/\/www.masware.ch\/?page_id=29"},"modified":"2025-10-24T10:44:46","modified_gmt":"2025-10-24T08:44:46","slug":"mirth-channel-documenter-ai","status":"publish","type":"page","link":"https:\/\/www.masware.ch\/?page_id=29","title":{"rendered":"MIRTH Channel Documenter AI"},"content":{"rendered":"\n<div class=\"wp-block-group has-global-padding is-layout-constrained wp-container-core-group-is-layout-63a0b46f wp-block-group-is-layout-constrained\" style=\"margin-top:0;margin-bottom:0;padding-top:var(--wp--preset--spacing--50);padding-right:var(--wp--preset--spacing--20);padding-bottom:var(--wp--preset--spacing--50);padding-left:var(--wp--preset--spacing--20)\">\n<div class=\"wp-block-columns alignwide are-vertically-aligned-center is-layout-flex wp-container-core-columns-is-layout-7fc3d43a wp-block-columns-is-layout-flex\">\n<div class=\"wp-block-column is-vertically-aligned-center is-layout-flow wp-block-column-is-layout-flow\">\n<figure class=\"wp-block-image aligncenter\"><img loading=\"lazy\" decoding=\"async\" width=\"1050\" height=\"600\" src=\"https:\/\/www.masware.ch\/wp-content\/uploads\/2025\/08\/mirth-logo.webp\" alt=\"\" class=\"wp-image-33\" srcset=\"https:\/\/www.masware.ch\/wp-content\/uploads\/2025\/08\/mirth-logo.webp 1050w, https:\/\/www.masware.ch\/wp-content\/uploads\/2025\/08\/mirth-logo-600x343.webp 600w, https:\/\/www.masware.ch\/wp-content\/uploads\/2025\/08\/mirth-logo-300x171.webp 300w, https:\/\/www.masware.ch\/wp-content\/uploads\/2025\/08\/mirth-logo-1024x585.webp 1024w, https:\/\/www.masware.ch\/wp-content\/uploads\/2025\/08\/mirth-logo-768x439.webp 768w\" sizes=\"auto, (max-width: 1050px) 100vw, 1050px\" \/><\/figure>\n<\/div>\n\n\n\n<div class=\"wp-block-column is-vertically-aligned-center is-layout-flow wp-block-column-is-layout-flow\">\n<h2 class=\"wp-block-heading alignwide\" style=\"line-height:1.2\">KI-unterst\u00fctzte Dokumentation ihrer Schnittstellen<\/h2>\n\n\n\n<p style=\"margin-top:var(--wp--preset--spacing--30);margin-bottom:var(--wp--preset--spacing--10)\">Sie arbeiten mit MIRTH von NextGen Connect und ihnen fehlt eine vollst\u00e4ndige Dokumentation ihrer Schnittstellen?<\/p>\n\n\n\n<p>MIRTH Documenter erstellt ihre Dokumentation KI unterst\u00fctzt in Minuten.<\/p>\n\n\n\n<p style=\"margin-bottom:var(--wp--preset--spacing--30)\">Laden sie die XML-Definition ihrer Schnittstelle hoch und erhalten eine vollst\u00e4ndige Dokumentation unklusive Flussdiagramm im HTML-Format.<\/p>\n\n\n\n<p>Durch den Einsatz des MIRTH Documenter sparen sie Zeit und behalten den vollst\u00e4ndigen \u00dcberblick \u00fcber ihre Schnittstellen-Prgrammierung.<\/p>\n\n\n\n<p>Registrieren Sie sich <strong>kostenlos<\/strong> und probieren Sie es aus.<\/p>\n\n\n\n<div class=\"wp-block-buttons is-layout-flex wp-block-buttons-is-layout-flex\" style=\"padding-right:0;padding-left:0\">\n<div class=\"wp-block-button btn-has-icon\"><a class=\"wp-block-button__link wp-element-button\" href=\"https:\/\/mirthdoc.masware.ch\" style=\"padding-right:var(--wp--preset--spacing--40);padding-left:var(--wp--preset--spacing--40)\" target=\"_blank\" rel=\"noreferrer noopener\">Probieren sie es aus<\/a><\/div>\n<\/div>\n<\/div>\n<\/div>\n<\/div>\n\n\n\n<p><\/p>\n","protected":false},"excerpt":{"rendered":"<p>KI-unterst\u00fctzte Dokumentation ihrer Schnittstellen Sie arbeiten mit MIRTH von NextGen Connect und ihnen fehlt eine vollst\u00e4ndige Dokumentation ihrer Schnittstellen? MIRTH Documenter erstellt ihre Dokumentation KI unterst\u00fctzt in Minuten. Laden sie die XML-Definition ihrer Schnittstelle hoch und erhalten eine vollst\u00e4ndige Dokumentation unklusive Flussdiagramm im HTML-Format. Durch den Einsatz des MIRTH Documenter sparen sie Zeit und behalten [&hellip;]<\/p>\n","protected":false},"author":1,"featured_media":0,"parent":0,"menu_order":0,"comment_status":"closed","ping_status":"closed","template":"","meta":{"footnotes":""},"class_list":["post-29","page","type-page","status-publish","hentry"],"jetpack_sharing_enabled":true,"_links":{"self":[{"href":"https:\/\/www.masware.ch\/index.php?rest_route=\/wp\/v2\/pages\/29","targetHints":{"allow":["GET"]}}],"collection":[{"href":"https:\/\/www.masware.ch\/index.php?rest_route=\/wp\/v2\/pages"}],"about":[{"href":"https:\/\/www.masware.ch\/index.php?rest_route=\/wp\/v2\/types\/page"}],"author":[{"embeddable":true,"href":"https:\/\/www.masware.ch\/index.php?rest_route=\/wp\/v2\/users\/1"}],"replies":[{"embeddable":true,"href":"https:\/\/www.masware.ch\/index.php?rest_route=%2Fwp%2Fv2%2Fcomments&post=29"}],"version-history":[{"count":6,"href":"https:\/\/www.masware.ch\/index.php?rest_route=\/wp\/v2\/pages\/29\/revisions"}],"predecessor-version":[{"id":141,"href":"https:\/\/www.masware.ch\/index.php?rest_route=\/wp\/v2\/pages\/29\/revisions\/141"}],"wp:attachment":[{"href":"https:\/\/www.masware.ch\/index.php?rest_route=%2Fwp%2Fv2%2Fmedia&parent=29"}],"curies":[{"name":"wp","href":"https:\/\/api.w.org\/{rel}","templated":true}]}}