{"id":122,"date":"2025-09-07T16:32:03","date_gmt":"2025-09-07T14:32:03","guid":{"rendered":"https:\/\/www.masware.ch\/?page_id=122"},"modified":"2025-09-11T13:32:24","modified_gmt":"2025-09-11T11:32:24","slug":"kurs-cybersecurity-kmu","status":"publish","type":"page","link":"https:\/\/www.masware.ch\/?page_id=122","title":{"rendered":"Kurs Cybersecurity KMU"},"content":{"rendered":"\n<div class=\"wp-block-group has-global-padding is-layout-constrained wp-block-group-is-layout-constrained\">\n<h2 class=\"wp-block-heading\">Cybersecurity f\u00fcr KMU<\/h2>\n\n\n\n<p><strong>Die gr\u00f6sste Bedrohung f\u00fcr Cyberangriffe ist der Mensch.<\/strong><\/p>\n\n\n\n<p>Studien und Artikel zeigen immer wieder, dass \u00fcber 90% der erfolgreichen Cyberangriffe mit einer Pishing-Mail beginnen. Ein sehr typisches Szenario ist der erhalt einer E-Mail, die von einer vermeintlich bekannten Person oder Firma stammt und verlockend interessante Informationen oder Benefits anbietet. <\/p>\n\n\n\n<p>W\u00fcssten sie nicht auch gerne was ihre Kollegen verdienen? Oder m\u00f6chten sie nicht von dem verg\u00fcnstigten Fitness-Abo ihrer Firma profitieren? So einfach ist man in die Falle getappt und hat sein Firmenkonto samt Passwort einem Hacker zur Verf\u00fcgung gestellt. Dieser Hacker kann nun beginnen, Malware einzuschleusen und in den Systemen nach Schwachstellen zu forschen.<\/p>\n\n\n\n<p>Neben den technischen Sicherheitsmassnahmen in ihrem Unternehmen ist die Kenntnis ihrer Mitarbeiter \u00fcber die Methoden zur Erkennung von Attacken und des sicheren Schutzes ihrer pers\u00f6nlichen Kennw\u00f6rter von entscheidender Bedeutung.<\/p>\n\n\n\n<p>Nur durch gute Ausbildung und Sensibilisierung ihrer Mitarbeiter k\u00f6nnen sie dies Verhindern und so das Risiko minimieren, dass ihr Unternehmen Opfer einer erfolgreichen Cyberattacke wird.<\/p>\n\n\n\n<h2 class=\"wp-block-heading\">Zielgruppe<\/h2>\n\n\n\n<p>Kleine und mittlere Unternehmen, die sich durch Mitarbeiter-Awareness vor Phishing und Malware-Intrusion sch\u00fctzen wollen.<\/p>\n\n\n\n<p>Alle Mitarbeitenden die mit IT-Mitteln arbeiten.<\/p>\n\n\n\n<h2 class=\"wp-block-heading\">Kursziel<\/h2>\n\n\n\n<ul class=\"wp-block-list\">\n<li>Ihre Mitarbeitenden lernen die Methoden von Phishing-Attacken kennen und Attacken zu identifizieren. <\/li>\n\n\n\n<li>Passwort Sicherheit erh\u00f6hen: Die Teilnehmenden lernen wie sichere Passw\u00f6rter erstellt werden k\u00f6nnen<\/li>\n<\/ul>\n\n\n\n<h2 class=\"wp-block-heading\">Kursinhalt<\/h2>\n\n\n\n<ul class=\"wp-block-list\">\n<li>Phishing Mails und Quishing erkennen<\/li>\n\n\n\n<li>Sicherer Umgang mit IT-Mitteln im B\u00fcro und in der \u00d6ffentlichkeit<\/li>\n\n\n\n<li>Erstellung sicherer Passw\u00f6rter<\/li>\n\n\n\n<li>Sicherer Umgang mit transportablen Medien (USB, Papier..)<\/li>\n\n\n\n<li>Verwendung eines Passwort-Safes<\/li>\n<\/ul>\n\n\n\n<h2 class=\"wp-block-heading\">Voraussetzungen<\/h2>\n\n\n\n<p>Grundkenntnisse in der Verwendung von IT-Mitteln<\/p>\n\n\n\n<h2 class=\"wp-block-heading\">Dauer<\/h2>\n\n\n\n<p>4 Stunden inkl. Pause<\/p>\n\n\n\n<h2 class=\"wp-block-heading\">Kosten<\/h2>\n\n\n\n<ul class=\"wp-block-list\">\n<li>Kleingruppen bis 10 Personen &#8211; 1200.- CHF<\/li>\n\n\n\n<li>Seminar mit mehr Teilnehmern auf Anfrage<\/li>\n\n\n\n<li>Anpassungen des Kurses an ihre Gegebenheiten ist m\u00f6glich<\/li>\n<\/ul>\n\n\n\n<h2 class=\"wp-block-heading\">Kurs-Anfrage<\/h2>\n\n\n\n<div class=\"wpcf7 no-js\" id=\"wpcf7-f125-o1\" lang=\"de-CH\" dir=\"ltr\" data-wpcf7-id=\"125\">\n<div class=\"screen-reader-response\"><p role=\"status\" aria-live=\"polite\" aria-atomic=\"true\"><\/p> <ul><\/ul><\/div>\n<form action=\"\/index.php?rest_route=%2Fwp%2Fv2%2Fpages%2F122#wpcf7-f125-o1\" method=\"post\" class=\"wpcf7-form init\" aria-label=\"Contact form\" novalidate=\"novalidate\" data-status=\"init\">\n<fieldset class=\"hidden-fields-container\"><input type=\"hidden\" name=\"_wpcf7\" value=\"125\" \/><input type=\"hidden\" name=\"_wpcf7_version\" value=\"6.1.3\" \/><input type=\"hidden\" name=\"_wpcf7_locale\" value=\"de_CH_informal\" \/><input type=\"hidden\" name=\"_wpcf7_unit_tag\" value=\"wpcf7-f125-o1\" \/><input type=\"hidden\" name=\"_wpcf7_container_post\" value=\"0\" \/><input type=\"hidden\" name=\"_wpcf7_posted_data_hash\" value=\"\" \/>\n<\/fieldset>\n<p><label> Ihr Name<br \/>\n<span class=\"wpcf7-form-control-wrap\" data-name=\"your-name\"><input size=\"40\" maxlength=\"400\" class=\"wpcf7-form-control wpcf7-text wpcf7-validates-as-required\" autocomplete=\"name\" aria-required=\"true\" aria-invalid=\"false\" value=\"\" type=\"text\" name=\"your-name\" \/><\/span> <\/label><br \/>\n<label> Ihr Unternehmenn<br \/>\n<span class=\"wpcf7-form-control-wrap\" data-name=\"unternehmenn\"><input size=\"40\" maxlength=\"400\" class=\"wpcf7-form-control wpcf7-text wpcf7-validates-as-required\" aria-required=\"true\" aria-invalid=\"false\" value=\"\" type=\"text\" name=\"unternehmenn\" \/><\/span> <\/label><br \/>\n<label> Email-Kontakt<br \/>\n<span class=\"wpcf7-form-control-wrap\" data-name=\"your-email\"><input size=\"40\" maxlength=\"400\" class=\"wpcf7-form-control wpcf7-email wpcf7-validates-as-required wpcf7-text wpcf7-validates-as-email\" autocomplete=\"email\" aria-required=\"true\" aria-invalid=\"false\" value=\"\" type=\"email\" name=\"your-email\" \/><\/span> <\/label>\n<\/p>\n<p><label> Betreff<br \/>\n<span class=\"wpcf7-form-control-wrap\" data-name=\"your-subject\"><input size=\"40\" maxlength=\"400\" class=\"wpcf7-form-control wpcf7-text wpcf7-validates-as-required\" aria-required=\"true\" aria-invalid=\"false\" value=\"Anfrage Kurs Cybersecurity KMU\" type=\"text\" name=\"your-subject\" \/><\/span> <\/label>\n<\/p>\n<p><label> Ihre Nachricht (optional)<br \/>\n<span class=\"wpcf7-form-control-wrap\" data-name=\"your-message\"><textarea cols=\"40\" rows=\"10\" maxlength=\"2000\" class=\"wpcf7-form-control wpcf7-textarea\" aria-invalid=\"false\" name=\"your-message\"><\/textarea><\/span> <\/label>\n<\/p>\n<p><input class=\"wpcf7-form-control wpcf7-submit has-spinner\" type=\"submit\" value=\"Submit\" \/>\n<\/p><div class=\"wpcf7-response-output\" aria-hidden=\"true\"><\/div>\n<\/form>\n<\/div>\n\n<\/div>\n","protected":false},"excerpt":{"rendered":"<p>Cybersecurity f\u00fcr KMU Die gr\u00f6sste Bedrohung f\u00fcr Cyberangriffe ist der Mensch. Studien und Artikel zeigen immer wieder, dass \u00fcber 90% der erfolgreichen Cyberangriffe mit einer Pishing-Mail beginnen. Ein sehr typisches Szenario ist der erhalt einer E-Mail, die von einer vermeintlich bekannten Person oder Firma stammt und verlockend interessante Informationen oder Benefits anbietet. W\u00fcssten sie nicht [&hellip;]<\/p>\n","protected":false},"author":1,"featured_media":0,"parent":0,"menu_order":0,"comment_status":"closed","ping_status":"closed","template":"","meta":{"footnotes":""},"class_list":["post-122","page","type-page","status-publish","hentry"],"jetpack_sharing_enabled":true,"_links":{"self":[{"href":"https:\/\/www.masware.ch\/index.php?rest_route=\/wp\/v2\/pages\/122","targetHints":{"allow":["GET"]}}],"collection":[{"href":"https:\/\/www.masware.ch\/index.php?rest_route=\/wp\/v2\/pages"}],"about":[{"href":"https:\/\/www.masware.ch\/index.php?rest_route=\/wp\/v2\/types\/page"}],"author":[{"embeddable":true,"href":"https:\/\/www.masware.ch\/index.php?rest_route=\/wp\/v2\/users\/1"}],"replies":[{"embeddable":true,"href":"https:\/\/www.masware.ch\/index.php?rest_route=%2Fwp%2Fv2%2Fcomments&post=122"}],"version-history":[{"count":5,"href":"https:\/\/www.masware.ch\/index.php?rest_route=\/wp\/v2\/pages\/122\/revisions"}],"predecessor-version":[{"id":137,"href":"https:\/\/www.masware.ch\/index.php?rest_route=\/wp\/v2\/pages\/122\/revisions\/137"}],"wp:attachment":[{"href":"https:\/\/www.masware.ch\/index.php?rest_route=%2Fwp%2Fv2%2Fmedia&parent=122"}],"curies":[{"name":"wp","href":"https:\/\/api.w.org\/{rel}","templated":true}]}}